{"id":32105,"date":"2021-02-03T07:34:00","date_gmt":"2021-02-03T07:34:00","guid":{"rendered":"https:\/\/nicoschmit.lu\/heizung\/"},"modified":"2022-02-24T13:31:53","modified_gmt":"2022-02-24T13:31:53","slug":"heizung","status":"publish","type":"page","link":"https:\/\/nicoschmit.lu\/de\/heizung\/","title":{"rendered":"Heizung"},"content":{"rendered":"<p>[et_pb_section fb_built=&#8220;1&#8243; fullwidth=&#8220;on&#8220; _builder_version=&#8220;4.9.1&#8243; _module_preset=&#8220;default&#8220; global_colors_info=&#8220;{}&#8220;][et_pb_fullwidth_code _builder_version=&#8220;4.9.2&#8243; _module_preset=&#8220;default&#8220; global_colors_info=&#8220;{}&#8220;]\n            <div \n                class=\"elfsight-widget-slider elfsight-widget\" \n                data-elfsight-slider-options=\"%7B%22slides%22%3A%5B%7B%22media%22%3A%22https%3A%5C%2F%5C%2Fnicoschmit.lu%5C%2Fwp-content%5C%2Fuploads%5C%2F2021%5C%2F02%5C%2F1304077402_bild_0-1.jpg%22%2C%22imageLink%22%3A%22%22%2C%22contentLayout%22%3A%22left%22%2C%22undefined%22%3Anull%2C%22contentTitleEnabled%22%3Afalse%2C%22contentTitleText%22%3A%22Sample%20Title%22%2C%22contentTitleColor%22%3A%22rgb%28255%2C%20255%2C%20255%29%22%2C%22contentTitleFontSize%22%3A24%2C%22contentTitleFontWeight%22%3A%22normal%22%2C%22contentTextEnabled%22%3Afalse%2C%22contentTextText%22%3A%22%22%2C%22contentTextColor%22%3A%22rgb%28255%2C%20255%2C%20255%29%22%2C%22contentTextFontSize%22%3A17%2C%22contentButtonEnabled%22%3Afalse%2C%22contentButtonText%22%3A%22Button%20Text%22%2C%22contentButtonLink%22%3A%22%22%2C%22contentButtonOpenLinkInNewTab%22%3Atrue%2C%22contentButtonColor%22%3A%22rgb%2828%2C%2035%2C%20255%29%22%2C%22contentButtonStyle%22%3A%22filled%22%2C%22contentButtonShape%22%3A4%2C%22contentButtonFontSize%22%3A16%2C%22contentMediaEnabled%22%3Afalse%2C%22contentMedia%22%3Anull%2C%22contentImageSize%22%3A100%2C%22contentBadgeEnabled%22%3Afalse%2C%22contentBadgeText%22%3A%22Sample%20Badge%22%2C%22contentBadgeColor%22%3A%22rgb%28255%2C%20255%2C%20255%29%22%2C%22contentBadgeFontSize%22%3A13%2C%22contentBadgeStyle%22%3A%22filled%22%2C%22contentOverlayEnabled%22%3Afalse%2C%22contentOverlayColor%22%3A%22rgba%280%2C%200%2C%200%2C%20.5%29%22%2C%22contentHorizontalPosition%22%3A50%2C%22contentVerticalPosition%22%3A50%2C%22imageEffect%22%3A%22zoom%22%7D%5D%2C%22width%22%3A%22100%25%22%2C%22height%22%3A350%2C%22paginationEnabled%22%3Atrue%2C%22paginationStyle%22%3A%22bullets%22%2C%22paginationAlign%22%3A%22center%22%2C%22paginationPosition%22%3A%22inside%22%2C%22paginationColor%22%3A%22rgb%28255%2C%20255%2C%20255%29%22%2C%22arrowsEnabled%22%3Atrue%2C%22arrowsPreviewNext%22%3Afalse%2C%22arrowsPosition%22%3A%22inside%22%2C%22arrowsColor%22%3A%22rgb%28255%2C%20255%2C%20255%29%22%2C%22autoSlideEnabled%22%3Afalse%2C%22autoSlideDelay%22%3A5%2C%22autoSlidePauseOnHover%22%3Atrue%2C%22autoSlideProgressbar%22%3Atrue%2C%22transitionEffect%22%3A%22slide%22%2C%22transitionDuration%22%3A0.6%2C%22swipeEnabled%22%3Atrue%2C%22mobileSwipeEnabled%22%3Atrue%2C%22infiniteLoop%22%3Atrue%2C%22widgetId%22%3A%2212%22%7D\" \n                data-elfsight-slider-version=\"1.1.0\"\n                data-elfsight-widget-id=\"elfsight-slider-12\">\n            <\/div>\n            [\/et_pb_fullwidth_code][\/et_pb_section][et_pb_section fb_built=&#8220;1&#8243; _builder_version=&#8220;4.9.2&#8243; background_color=&#8220;#ffffff&#8220; custom_margin=&#8220;||||false|false&#8220; custom_padding=&#8220;80px||80px||false|false&#8220; global_colors_info=&#8220;{}&#8220;][et_pb_row _builder_version=&#8220;3.29.3&#8243; global_colors_info=&#8220;{}&#8220;][et_pb_column type=&#8220;4_4&#8243; _builder_version=&#8220;3.29.3&#8243; global_colors_info=&#8220;{}&#8220;][et_pb_text _builder_version=&#8220;4.9.2&#8243; text_font=&#8220;||||||||&#8220; text_font_size=&#8220;35px&#8220; header_line_height=&#8220;1.6em&#8220; header_2_text_color=&#8220;#000000&#8243; header_2_line_height=&#8220;1.6em&#8220; header_3_line_height=&#8220;1.6em&#8220; global_colors_info=&#8220;{}&#8220;]<\/p>\n<h2 style=\"text-align: center;\">Heizung<\/h2>\n<p>[\/et_pb_text][\/et_pb_column][\/et_pb_row][et_pb_row column_structure=&#8220;1_2,1_2&#8243; _builder_version=&#8220;4.8.2&#8243; _module_preset=&#8220;default&#8220; custom_margin=&#8220;||0px||false|false&#8220; global_colors_info=&#8220;{}&#8220;][et_pb_column type=&#8220;1_2&#8243; _builder_version=&#8220;4.5.8&#8243; _module_preset=&#8220;default&#8220; global_colors_info=&#8220;{}&#8220;][et_pb_image src=&#8220;https:\/\/nicoschmit.lu\/wp-content\/uploads\/2021\/02\/1304077469_bild_0.jpg&#8220; title_text=&#8220;1304077469_bild_0&#8243; _builder_version=&#8220;4.8.2&#8243; _module_preset=&#8220;default&#8220; global_colors_info=&#8220;{}&#8220;][\/et_pb_image][\/et_pb_column][et_pb_column type=&#8220;1_2&#8243; _builder_version=&#8220;4.5.8&#8243; _module_preset=&#8220;default&#8220; global_colors_info=&#8220;{}&#8220;][et_pb_text _builder_version=&#8220;4.11.2&#8243; text_font=&#8220;||||||||&#8220; text_text_color=&#8220;#000000&#8243; custom_margin=&#8220;||||false|false&#8220; custom_padding=&#8220;||||false|false&#8220; hover_enabled=&#8220;0&#8243; global_colors_info=&#8220;{}&#8220; sticky_enabled=&#8220;0&#8243;]<\/p>\n<p><span>Die Vielzahl<\/span> an<strong> Heizsystemen<\/strong><span> auf dem Markt verf\u00fcgbar ist, macht die Wahl des am besten geeigneten Systems nicht einfacher. Bei der Auswahl des richtigen Systems sind einige wichtige Aspekte zu beachten, wie z. B. die Bauart, der Standort des Geb\u00e4udes und das Verhalten des Nutzers. Wir k\u00f6nnen gezielt auf Ihre Bed\u00fcrfnisse eingehen und bieten Ihnen von der <\/span><strong>Standard-Heizungsanlage<\/strong> <span>mit \u00d6l-\/Gaskessel und Heizk\u00f6rpern bis hin zur Niedertemperaturheizung mit W\u00e4rmepumpe<\/span> und <span><strong>Fl\u00e4chenheizung<\/strong> hocheffiziente, energiesparende Komplettsysteme f\u00fcr Ihren Neubau oder Ihre energetische Sanierung an.<\/span><\/p>\n<p>[\/et_pb_text][\/et_pb_column][\/et_pb_row][et_pb_row _builder_version=&#8220;4.8.2&#8243; _module_preset=&#8220;default&#8220; global_colors_info=&#8220;{}&#8220;][et_pb_column type=&#8220;4_4&#8243; _builder_version=&#8220;4.8.2&#8243; _module_preset=&#8220;default&#8220; global_colors_info=&#8220;{}&#8220;][et_pb_gallery gallery_ids=&#8220;31896,32050,32046,32048,31900,32082,32080,31910&#8243; show_title_and_caption=&#8220;off&#8220; _builder_version=&#8220;4.9.2&#8243; _module_preset=&#8220;default&#8220; pagination_line_height=&#8220;1.6em&#8220; global_colors_info=&#8220;{}&#8220;][\/et_pb_gallery][\/et_pb_column][\/et_pb_row][et_pb_row _builder_version=&#8220;4.9.0&#8243; _module_preset=&#8220;default&#8220; global_colors_info=&#8220;{}&#8220;][et_pb_column type=&#8220;4_4&#8243; _builder_version=&#8220;4.9.0&#8243; _module_preset=&#8220;default&#8220; global_colors_info=&#8220;{}&#8220;][et_pb_button button_url=&#8220;https:\/\/nicoschmit.lu\/de\/&#8220; button_text=&#8220;Zur\u00fcck&#8220; _builder_version=&#8220;4.11.2&#8243; _module_preset=&#8220;default&#8220; custom_button=&#8220;on&#8220; button_text_size=&#8220;16px&#8220; button_text_color=&#8220;#FFFFFF&#8220; button_bg_color=&#8220;#336fb5&#8243; button_border_width=&#8220;2px&#8220; global_colors_info=&#8220;{}&#8220;][\/et_pb_button][\/et_pb_column][\/et_pb_row][\/et_pb_section][et_pb_section fb_built=&#8220;1&#8243; admin_label=&#8220;Section&#8220; _builder_version=&#8220;4.11.2&#8243; background_color=&#8220;#2b2b2b&#8220; custom_margin=&#8220;||||false|false&#8220; custom_padding=&#8220;30px||30px||false|false&#8220; custom_padding_tablet=&#8220;0px||0px|&#8220; transparent_background=&#8220;off&#8220; make_fullwidth=&#8220;off&#8220; use_custom_width=&#8220;off&#8220; width_unit=&#8220;on&#8220; saved_tabs=&#8220;all&#8220; global_colors_info=&#8220;{}&#8220;][et_pb_row column_structure=&#8220;1_4,1_4,1_4,1_4&#8243; _builder_version=&#8220;4.5.6&#8243; global_colors_info=&#8220;{}&#8220;][et_pb_column type=&#8220;1_4&#8243; _builder_version=&#8220;3.26.2&#8243; global_colors_info=&#8220;{}&#8220;][et_pb_image src=&#8220;https:\/\/nicoschmit.lu\/wp-content\/uploads\/\/2021\/02\/Nico-Schmit_White-1.svg&#8220; title_text=&#8220;Nico-Schmit_White&#8220; _builder_version=&#8220;4.9.1&#8243; _module_preset=&#8220;default&#8220; width=&#8220;75%&#8220; global_colors_info=&#8220;{}&#8220;][\/et_pb_image][et_pb_text admin_label=&#8220;Text&#8220; _builder_version=&#8220;4.9.3&#8243; text_text_color=&#8220;#ffffff&#8220; background_size=&#8220;initial&#8220; background_position=&#8220;top_left&#8220; background_repeat=&#8220;repeat&#8220; max_width=&#8220;300px&#8220; custom_margin=&#8220;25px||0px||false|false&#8220; custom_margin_tablet=&#8220;||10px|&#8220; custom_margin_phone=&#8220;&#8220; custom_margin_last_edited=&#8220;on|desktop&#8220; custom_padding=&#8220;0px|||&#8220; use_border_color=&#8220;off&#8220; border_color=&#8220;#ffffff&#8220; border_style=&#8220;solid&#8220; global_colors_info=&#8220;{}&#8220;]<\/p>\n<p>T. +352 99 04 07-1<br \/>F. +352 99 07 15<br \/>nicoschmit.lu<\/p>\n<p>31, rue Principale<br \/>L-9835 Hoscheid-Dickt<br \/>Luxembourg<\/p>\n<p>[\/et_pb_text][\/et_pb_column][et_pb_column type=&#8220;1_4&#8243; _builder_version=&#8220;3.26.2&#8243; global_colors_info=&#8220;{}&#8220;][\/et_pb_column][et_pb_column type=&#8220;1_4&#8243; _builder_version=&#8220;3.26.2&#8243; global_colors_info=&#8220;{}&#8220;][\/et_pb_column][et_pb_column type=&#8220;1_4&#8243; _builder_version=&#8220;3.26.2&#8243; global_colors_info=&#8220;{}&#8220;][et_pb_image src=&#8220;https:\/\/nicoschmit.lu\/wp-content\/uploads\/2021\/03\/Unknown.png&#8220; title_text=&#8220;Unknown&#8220; _builder_version=&#8220;4.9.1&#8243; _module_preset=&#8220;default&#8220; background_color=&#8220;RGBA(0,0,0,0)&#8220; width=&#8220;85%&#8220; border_radii=&#8220;on|5px|5px|5px|5px&#8220; border_width_all=&#8220;10px&#8220; border_color_all=&#8220;#FFFFFF&#8220; global_colors_info=&#8220;{}&#8220;][\/et_pb_image][et_pb_text disabled_on=&#8220;off|off|off&#8220; _builder_version=&#8220;4.11.2&#8243; text_font=&#8220;||||||||&#8220; custom_margin=&#8220;0px||0px||false|false&#8220; custom_padding=&#8220;0px||0px||false|false&#8220; global_colors_info=&#8220;{}&#8220;]<\/p>\n<p><span style=\"color: #ffffff;\">PART OF<br \/><a href=\"https:\/\/wagnertech.lu\" target=\"_blank\" rel=\"noopener\"><img loading=\"lazy\" decoding=\"async\" class=\"wp-image-31558 alignnone \" src=\"https:\/\/nicoschmit.lu\/wp-content\/uploads\/2021\/02\/Wagnertech_White.svg\" alt=\"\" width=\"176\" height=\"20\"><\/a><br \/><\/span><\/p>\n<p>[\/et_pb_text][\/et_pb_column][\/et_pb_row][\/et_pb_section]<\/p>\n","protected":false},"excerpt":{"rendered":"<p>\n            <div \n                class=\"elfsight-widget-slider elfsight-widget\" \n                data-elfsight-slider-options=\"%7B%22slides%22%3A%5B%7B%22media%22%3A%22https%3A%5C%2F%5C%2Fnicoschmit.lu%5C%2Fwp-content%5C%2Fuploads%5C%2F2021%5C%2F02%5C%2F1304077402_bild_0-1.jpg%22%2C%22imageLink%22%3A%22%22%2C%22contentLayout%22%3A%22left%22%2C%22undefined%22%3Anull%2C%22contentTitleEnabled%22%3Afalse%2C%22contentTitleText%22%3A%22Sample%20Title%22%2C%22contentTitleColor%22%3A%22rgb%28255%2C%20255%2C%20255%29%22%2C%22contentTitleFontSize%22%3A24%2C%22contentTitleFontWeight%22%3A%22normal%22%2C%22contentTextEnabled%22%3Afalse%2C%22contentTextText%22%3A%22%22%2C%22contentTextColor%22%3A%22rgb%28255%2C%20255%2C%20255%29%22%2C%22contentTextFontSize%22%3A17%2C%22contentButtonEnabled%22%3Afalse%2C%22contentButtonText%22%3A%22Button%20Text%22%2C%22contentButtonLink%22%3A%22%22%2C%22contentButtonOpenLinkInNewTab%22%3Atrue%2C%22contentButtonColor%22%3A%22rgb%2828%2C%2035%2C%20255%29%22%2C%22contentButtonStyle%22%3A%22filled%22%2C%22contentButtonShape%22%3A4%2C%22contentButtonFontSize%22%3A16%2C%22contentMediaEnabled%22%3Afalse%2C%22contentMedia%22%3Anull%2C%22contentImageSize%22%3A100%2C%22contentBadgeEnabled%22%3Afalse%2C%22contentBadgeText%22%3A%22Sample%20Badge%22%2C%22contentBadgeColor%22%3A%22rgb%28255%2C%20255%2C%20255%29%22%2C%22contentBadgeFontSize%22%3A13%2C%22contentBadgeStyle%22%3A%22filled%22%2C%22contentOverlayEnabled%22%3Afalse%2C%22contentOverlayColor%22%3A%22rgba%280%2C%200%2C%200%2C%20.5%29%22%2C%22contentHorizontalPosition%22%3A50%2C%22contentVerticalPosition%22%3A50%2C%22imageEffect%22%3A%22zoom%22%7D%5D%2C%22width%22%3A%22100%25%22%2C%22height%22%3A350%2C%22paginationEnabled%22%3Atrue%2C%22paginationStyle%22%3A%22bullets%22%2C%22paginationAlign%22%3A%22center%22%2C%22paginationPosition%22%3A%22inside%22%2C%22paginationColor%22%3A%22rgb%28255%2C%20255%2C%20255%29%22%2C%22arrowsEnabled%22%3Atrue%2C%22arrowsPreviewNext%22%3Afalse%2C%22arrowsPosition%22%3A%22inside%22%2C%22arrowsColor%22%3A%22rgb%28255%2C%20255%2C%20255%29%22%2C%22autoSlideEnabled%22%3Afalse%2C%22autoSlideDelay%22%3A5%2C%22autoSlidePauseOnHover%22%3Atrue%2C%22autoSlideProgressbar%22%3Atrue%2C%22transitionEffect%22%3A%22slide%22%2C%22transitionDuration%22%3A0.6%2C%22swipeEnabled%22%3Atrue%2C%22mobileSwipeEnabled%22%3Atrue%2C%22infiniteLoop%22%3Atrue%2C%22widgetId%22%3A%2212%22%7D\" \n                data-elfsight-slider-version=\"1.1.0\"\n                data-elfsight-widget-id=\"elfsight-slider-12\">\n            <\/div>\n            HeizungDie Vielzahl an Heizsystemen auf dem Markt verf\u00fcgbar ist, macht die Wahl des am besten geeigneten Systems nicht einfacher. Bei der Auswahl des richtigen Systems sind einige wichtige Aspekte zu beachten, wie z. B. die Bauart, der Standort des Geb\u00e4udes und das Verhalten des Nutzers. Wir k\u00f6nnen gezielt auf Ihre Bed\u00fcrfnisse eingehen und bieten [&hellip;]<\/p>\n","protected":false},"author":1,"featured_media":0,"parent":0,"menu_order":0,"comment_status":"closed","ping_status":"closed","template":"","meta":{"_et_pb_use_builder":"on","_et_pb_old_content":"","_et_gb_content_width":"","inline_featured_image":false,"footnotes":""},"class_list":["post-32105","page","type-page","status-publish","hentry"],"_links":{"self":[{"href":"https:\/\/nicoschmit.lu\/de\/wp-json\/wp\/v2\/pages\/32105","targetHints":{"allow":["GET"]}}],"collection":[{"href":"https:\/\/nicoschmit.lu\/de\/wp-json\/wp\/v2\/pages"}],"about":[{"href":"https:\/\/nicoschmit.lu\/de\/wp-json\/wp\/v2\/types\/page"}],"author":[{"embeddable":true,"href":"https:\/\/nicoschmit.lu\/de\/wp-json\/wp\/v2\/users\/1"}],"replies":[{"embeddable":true,"href":"https:\/\/nicoschmit.lu\/de\/wp-json\/wp\/v2\/comments?post=32105"}],"version-history":[{"count":8,"href":"https:\/\/nicoschmit.lu\/de\/wp-json\/wp\/v2\/pages\/32105\/revisions"}],"predecessor-version":[{"id":32202,"href":"https:\/\/nicoschmit.lu\/de\/wp-json\/wp\/v2\/pages\/32105\/revisions\/32202"}],"wp:attachment":[{"href":"https:\/\/nicoschmit.lu\/de\/wp-json\/wp\/v2\/media?parent=32105"}],"curies":[{"name":"wp","href":"https:\/\/api.w.org\/{rel}","templated":true}]}}