{"id":32144,"date":"2021-02-04T08:45:40","date_gmt":"2021-02-04T08:45:40","guid":{"rendered":"https:\/\/nicoschmit.lu\/kundendienst-und-fehlerbehebung\/"},"modified":"2026-04-20T08:35:27","modified_gmt":"2026-04-20T08:35:27","slug":"kundendienst-und-fehlerbehebung","status":"publish","type":"page","link":"https:\/\/nicoschmit.lu\/de\/kundendienst-und-fehlerbehebung\/","title":{"rendered":"Kundendienst und Fehlerbehebung"},"content":{"rendered":"<p>[et_pb_section fb_built=&#8220;1&#8243; fullwidth=&#8220;on&#8220; _builder_version=&#8220;4.16&#8243; _module_preset=&#8220;default&#8220; global_colors_info=&#8220;{}&#8220;][et_pb_fullwidth_code _builder_version=&#8220;4.16&#8243; _module_preset=&#8220;default&#8220; global_colors_info=&#8220;{}&#8220;]\n            <div \n                class=\"elfsight-widget-slider elfsight-widget\" \n                data-elfsight-slider-options=\"%7B%22slides%22%3A%5B%7B%22media%22%3A%22https%3A%5C%2F%5C%2Fnicoschmit.lu%5C%2Fwp-content%5C%2Fuploads%5C%2F2021%5C%2F02%5C%2FiStock-1256522502-scaled.jpg%22%2C%22imageLink%22%3A%22%22%2C%22contentLayout%22%3A%22left%22%2C%22undefined%22%3Anull%2C%22contentTitleEnabled%22%3Afalse%2C%22contentTitleText%22%3A%22Sample%20Title%22%2C%22contentTitleColor%22%3A%22rgb%28255%2C%20255%2C%20255%29%22%2C%22contentTitleFontSize%22%3A24%2C%22contentTitleFontWeight%22%3A%22normal%22%2C%22contentTextEnabled%22%3Afalse%2C%22contentTextText%22%3A%22%22%2C%22contentTextColor%22%3A%22rgb%28255%2C%20255%2C%20255%29%22%2C%22contentTextFontSize%22%3A17%2C%22contentButtonEnabled%22%3Afalse%2C%22contentButtonText%22%3A%22Button%20Text%22%2C%22contentButtonLink%22%3A%22%22%2C%22contentButtonOpenLinkInNewTab%22%3Atrue%2C%22contentButtonColor%22%3A%22rgb%2828%2C%2035%2C%20255%29%22%2C%22contentButtonStyle%22%3A%22filled%22%2C%22contentButtonShape%22%3A4%2C%22contentButtonFontSize%22%3A16%2C%22contentMediaEnabled%22%3Afalse%2C%22contentMedia%22%3Anull%2C%22contentImageSize%22%3A100%2C%22contentBadgeEnabled%22%3Afalse%2C%22contentBadgeText%22%3A%22Sample%20Badge%22%2C%22contentBadgeColor%22%3A%22rgb%28255%2C%20255%2C%20255%29%22%2C%22contentBadgeFontSize%22%3A13%2C%22contentBadgeStyle%22%3A%22filled%22%2C%22contentOverlayEnabled%22%3Afalse%2C%22contentOverlayColor%22%3A%22rgba%280%2C%200%2C%200%2C%20.5%29%22%2C%22contentHorizontalPosition%22%3A50%2C%22contentVerticalPosition%22%3A50%2C%22imageEffect%22%3A%22zoom%22%7D%5D%2C%22width%22%3A%22100%25%22%2C%22height%22%3A350%2C%22paginationEnabled%22%3Atrue%2C%22paginationStyle%22%3A%22bullets%22%2C%22paginationAlign%22%3A%22center%22%2C%22paginationPosition%22%3A%22inside%22%2C%22paginationColor%22%3A%22rgb%28255%2C%20255%2C%20255%29%22%2C%22arrowsEnabled%22%3Atrue%2C%22arrowsPreviewNext%22%3Afalse%2C%22arrowsPosition%22%3A%22inside%22%2C%22arrowsColor%22%3A%22rgb%28255%2C%20255%2C%20255%29%22%2C%22autoSlideEnabled%22%3Afalse%2C%22autoSlideDelay%22%3A5%2C%22autoSlidePauseOnHover%22%3Atrue%2C%22autoSlideProgressbar%22%3Atrue%2C%22transitionEffect%22%3A%22slide%22%2C%22transitionDuration%22%3A0.6%2C%22swipeEnabled%22%3Atrue%2C%22mobileSwipeEnabled%22%3Atrue%2C%22infiniteLoop%22%3Atrue%2C%22widgetId%22%3A%227%22%7D\" \n                data-elfsight-slider-version=\"1.1.0\"\n                data-elfsight-widget-id=\"elfsight-slider-7\">\n            <\/div>\n            [\/et_pb_fullwidth_code][\/et_pb_section][et_pb_section fb_built=&#8220;1&#8243; _builder_version=&#8220;4.16&#8243; background_color=&#8220;#ffffff&#8220; custom_margin=&#8220;||||false|false&#8220; custom_padding=&#8220;80px||80px||false|false&#8220; global_colors_info=&#8220;{}&#8220;][et_pb_row _builder_version=&#8220;4.16&#8243; global_colors_info=&#8220;{}&#8220;][et_pb_column type=&#8220;4_4&#8243; _builder_version=&#8220;4.16&#8243; global_colors_info=&#8220;{}&#8220;][et_pb_text _builder_version=&#8220;4.16&#8243; text_font=&#8220;||||||||&#8220; text_font_size=&#8220;35px&#8220; header_line_height=&#8220;1.6em&#8220; header_2_text_color=&#8220;#000000&#8243; header_2_line_height=&#8220;1.6em&#8220; header_3_line_height=&#8220;1.6em&#8220; global_colors_info=&#8220;{}&#8220;]<\/p>\n<h2 class=\"page__title title\" id=\"page-title\" style=\"text-align: center;\">Kundendienst und Fehlerbehebung<\/h2>\n<p>[\/et_pb_text][\/et_pb_column][\/et_pb_row][et_pb_row column_structure=&#8220;1_2,1_2&#8243; _builder_version=&#8220;4.16&#8243; _module_preset=&#8220;default&#8220; custom_margin=&#8220;||0px||false|false&#8220; global_colors_info=&#8220;{}&#8220;][et_pb_column type=&#8220;1_2&#8243; _builder_version=&#8220;4.16&#8243; _module_preset=&#8220;default&#8220; global_colors_info=&#8220;{}&#8220;][et_pb_image src=&#8220;https:\/\/nicoschmit.lu\/wp-content\/uploads\/2021\/02\/iStock-477531609.jpg&#8220; title_text=&#8220;man wearing headset looking at monitor&#8220; _builder_version=&#8220;4.16&#8243; _module_preset=&#8220;default&#8220; global_colors_info=&#8220;{}&#8220;][\/et_pb_image][\/et_pb_column][et_pb_column type=&#8220;1_2&#8243; _builder_version=&#8220;4.16&#8243; _module_preset=&#8220;default&#8220; global_colors_info=&#8220;{}&#8220;][et_pb_text _builder_version=&#8220;4.27.5&#8243; text_text_color=&#8220;#000000&#8243; header_3_text_color=&#8220;#000000&#8243; header_3_line_height=&#8220;1.6em&#8220; custom_margin=&#8220;||||false|false&#8220; custom_padding=&#8220;||||false|false&#8220; hover_enabled=&#8220;0&#8243; global_colors_info=&#8220;{}&#8220; sticky_enabled=&#8220;0&#8243;]<\/p>\n<p>Wir bieten Ihnen einen 24-Stunden-Notfall- und Reparaturdienst, auch an Feiertagen. Um sicherzustellen, dass Ihre Anlage einwandfrei funktioniert, sind wir Tag und Nacht f\u00fcr Sie da.<\/p>\n<p>Unsere Wartungs- und Instandhaltungsvertr\u00e4ge k\u00f6nnen Ihnen \u00c4rger ersparen und verl\u00e4ngern gleichzeitig die Lebensdauer Ihrer Anlage. Au\u00dferdem werden wir Sie f\u00fcr den j\u00e4hrlichen Wartungstermin Ihrer Anlage kontaktieren.<\/p>\n<p><span style=\"color: #333333; font-size: 22px;\"><\/span><\/p>\n<h3><span style=\"color: #333333; font-size: 22px;\">Kundendienst:<br \/><\/span>+352 99 04 07-1<\/h3>\n<p data-start=\"128\" data-end=\"242\"><strong>Au\u00dferhalb der \u00d6ffnungszeiten:<\/strong><br data-start=\"162\" data-end=\"165\">Mo.-Fr. : 17:00 &#8211; 08:00 Uhr<br data-start=\"190\" data-end=\"193\">Fr. 17:00 &#8211; Mo. 08:00 Uhr<br data-start=\"216\" data-end=\"219\">An Feiertagen: 24h\/24  <\/p>\n<p data-start=\"244\" data-end=\"340\"><strong><span>Stundensatz:<\/span><\/strong><br data-start=\"259\" data-end=\"262\">Abrechnung nach unseren g\u00fcltigen Tarifen zzgl. Anfahrtspauschale<\/p>\n<p data-start=\"342\" data-end=\"376\"><strong>Zuschl\u00e4ge auf Stundens\u00e4tze au\u00dferhalb der Gesch\u00e4ftszeiten :<\/strong><\/p>\n<ul>\n<li data-start=\"378\" data-end=\"482\">Samstags: +40 %.<\/li>\n<li data-start=\"378\" data-end=\"482\">Sonntags: +70 %.<\/li>\n<li data-start=\"378\" data-end=\"482\">An Feiertagen: +100 %.<\/li>\n<li data-start=\"378\" data-end=\"482\"><span>Nachtzuschlag <\/span>(22.00 &#8211; 08.00 Uhr): <span>zzgl. <\/span>40%.<\/li>\n<\/ul>\n<p>[\/et_pb_text][\/et_pb_column][\/et_pb_row][\/et_pb_section][et_pb_section fb_built=&#8220;1&#8243; admin_label=&#8220;Section&#8220; _builder_version=&#8220;4.11.2&#8243; background_color=&#8220;#2b2b2b&#8220; custom_margin=&#8220;||||false|false&#8220; custom_padding=&#8220;30px||30px||false|false&#8220; custom_padding_tablet=&#8220;0px||0px|&#8220; transparent_background=&#8220;off&#8220; make_fullwidth=&#8220;off&#8220; use_custom_width=&#8220;off&#8220; width_unit=&#8220;on&#8220; global_module=&#8220;30969&#8243; saved_tabs=&#8220;all&#8220; global_colors_info=&#8220;{}&#8220;][et_pb_row column_structure=&#8220;1_4,1_4,1_4,1_4&#8243; _builder_version=&#8220;4.16&#8243; global_colors_info=&#8220;{}&#8220;][et_pb_column type=&#8220;1_4&#8243; _builder_version=&#8220;4.16&#8243; global_colors_info=&#8220;{}&#8220;][et_pb_image src=&#8220;https:\/\/nicoschmit.lu\/wp-content\/uploads\/\/2021\/02\/Nico-Schmit_White-1.svg&#8220; title_text=&#8220;Nico-Schmit_White&#8220; _builder_version=&#8220;4.16&#8243; _module_preset=&#8220;default&#8220; width=&#8220;75%&#8220; global_colors_info=&#8220;{}&#8220;][\/et_pb_image][et_pb_text admin_label=&#8220;Text&#8220; _builder_version=&#8220;4.19.4&#8243; text_text_color=&#8220;#ffffff&#8220; background_size=&#8220;initial&#8220; background_position=&#8220;top_left&#8220; background_repeat=&#8220;repeat&#8220; max_width=&#8220;300px&#8220; custom_margin=&#8220;25px||0px||false|false&#8220; custom_margin_tablet=&#8220;||10px|&#8220; custom_margin_phone=&#8220;&#8220; custom_margin_last_edited=&#8220;on|desktop&#8220; custom_padding=&#8220;0px|||&#8220; use_border_color=&#8220;off&#8220; border_color=&#8220;#ffffff&#8220; border_style=&#8220;solid&#8220; global_colors_info=&#8220;{}&#8220;]<\/p>\n<p>T. +352 99 04 07-1<br \/>F. +352 99 07 15<br \/>nicoschmit.lu<\/p>\n<p>Z.A.E.R 35, Op der Hei<br \/>L-9809 Hosingen<\/p>\n<p>[\/et_pb_text][\/et_pb_column][et_pb_column type=&#8220;1_4&#8243; _builder_version=&#8220;4.16&#8243; global_colors_info=&#8220;{}&#8220;][\/et_pb_column][et_pb_column type=&#8220;1_4&#8243; _builder_version=&#8220;4.16&#8243; global_colors_info=&#8220;{}&#8220;][\/et_pb_column][et_pb_column type=&#8220;1_4&#8243; _builder_version=&#8220;4.16&#8243; global_colors_info=&#8220;{}&#8220;][et_pb_image src=&#8220;https:\/\/nicoschmit.lu\/wp-content\/uploads\/2021\/03\/Unknown.png&#8220; title_text=&#8220;Unknown&#8220; _builder_version=&#8220;4.16&#8243; _module_preset=&#8220;default&#8220; background_color=&#8220;RGBA(0,0,0,0)&#8220; width=&#8220;85%&#8220; border_radii=&#8220;on|5px|5px|5px|5px&#8220; border_width_all=&#8220;10px&#8220; border_color_all=&#8220;#FFFFFF&#8220; global_colors_info=&#8220;{}&#8220;][\/et_pb_image][et_pb_text disabled_on=&#8220;off|off|off&#8220; _builder_version=&#8220;4.16&#8243; text_font=&#8220;||||||||&#8220; custom_margin=&#8220;0px||0px||false|false&#8220; custom_padding=&#8220;0px||0px||false|false&#8220; global_colors_info=&#8220;{}&#8220;]<\/p>\n<p><span style=\"color: #ffffff;\">PART OF<br \/><a href=\"https:\/\/wagnertech.lu\" target=\"_blank\" rel=\"noopener\"><img loading=\"lazy\" decoding=\"async\" class=\"wp-image-31558 alignnone \" src=\"https:\/\/nicoschmit.lu\/wp-content\/uploads\/2021\/02\/Wagnertech_White.svg\" alt=\"\" width=\"176\" height=\"20\"><\/a><br \/><\/span><\/p>\n<p>[\/et_pb_text][\/et_pb_column][\/et_pb_row][\/et_pb_section]<\/p>\n","protected":false},"excerpt":{"rendered":"<p>\n            <div \n                class=\"elfsight-widget-slider elfsight-widget\" \n                data-elfsight-slider-options=\"%7B%22slides%22%3A%5B%7B%22media%22%3A%22https%3A%5C%2F%5C%2Fnicoschmit.lu%5C%2Fwp-content%5C%2Fuploads%5C%2F2021%5C%2F02%5C%2FiStock-1256522502-scaled.jpg%22%2C%22imageLink%22%3A%22%22%2C%22contentLayout%22%3A%22left%22%2C%22undefined%22%3Anull%2C%22contentTitleEnabled%22%3Afalse%2C%22contentTitleText%22%3A%22Sample%20Title%22%2C%22contentTitleColor%22%3A%22rgb%28255%2C%20255%2C%20255%29%22%2C%22contentTitleFontSize%22%3A24%2C%22contentTitleFontWeight%22%3A%22normal%22%2C%22contentTextEnabled%22%3Afalse%2C%22contentTextText%22%3A%22%22%2C%22contentTextColor%22%3A%22rgb%28255%2C%20255%2C%20255%29%22%2C%22contentTextFontSize%22%3A17%2C%22contentButtonEnabled%22%3Afalse%2C%22contentButtonText%22%3A%22Button%20Text%22%2C%22contentButtonLink%22%3A%22%22%2C%22contentButtonOpenLinkInNewTab%22%3Atrue%2C%22contentButtonColor%22%3A%22rgb%2828%2C%2035%2C%20255%29%22%2C%22contentButtonStyle%22%3A%22filled%22%2C%22contentButtonShape%22%3A4%2C%22contentButtonFontSize%22%3A16%2C%22contentMediaEnabled%22%3Afalse%2C%22contentMedia%22%3Anull%2C%22contentImageSize%22%3A100%2C%22contentBadgeEnabled%22%3Afalse%2C%22contentBadgeText%22%3A%22Sample%20Badge%22%2C%22contentBadgeColor%22%3A%22rgb%28255%2C%20255%2C%20255%29%22%2C%22contentBadgeFontSize%22%3A13%2C%22contentBadgeStyle%22%3A%22filled%22%2C%22contentOverlayEnabled%22%3Afalse%2C%22contentOverlayColor%22%3A%22rgba%280%2C%200%2C%200%2C%20.5%29%22%2C%22contentHorizontalPosition%22%3A50%2C%22contentVerticalPosition%22%3A50%2C%22imageEffect%22%3A%22zoom%22%7D%5D%2C%22width%22%3A%22100%25%22%2C%22height%22%3A350%2C%22paginationEnabled%22%3Atrue%2C%22paginationStyle%22%3A%22bullets%22%2C%22paginationAlign%22%3A%22center%22%2C%22paginationPosition%22%3A%22inside%22%2C%22paginationColor%22%3A%22rgb%28255%2C%20255%2C%20255%29%22%2C%22arrowsEnabled%22%3Atrue%2C%22arrowsPreviewNext%22%3Afalse%2C%22arrowsPosition%22%3A%22inside%22%2C%22arrowsColor%22%3A%22rgb%28255%2C%20255%2C%20255%29%22%2C%22autoSlideEnabled%22%3Afalse%2C%22autoSlideDelay%22%3A5%2C%22autoSlidePauseOnHover%22%3Atrue%2C%22autoSlideProgressbar%22%3Atrue%2C%22transitionEffect%22%3A%22slide%22%2C%22transitionDuration%22%3A0.6%2C%22swipeEnabled%22%3Atrue%2C%22mobileSwipeEnabled%22%3Atrue%2C%22infiniteLoop%22%3Atrue%2C%22widgetId%22%3A%227%22%7D\" \n                data-elfsight-slider-version=\"1.1.0\"\n                data-elfsight-widget-id=\"elfsight-slider-7\">\n            <\/div>\n            Kundendienst und FehlerbehebungWir bieten Ihnen einen 24-Stunden-Notfall- und Reparaturdienst, auch an Feiertagen. Um sicherzustellen, dass Ihre Anlage einwandfrei funktioniert, sind wir Tag und Nacht f\u00fcr Sie da. Unsere Wartungs- und Instandhaltungsvertr\u00e4ge k\u00f6nnen Ihnen \u00c4rger ersparen und verl\u00e4ngern gleichzeitig die Lebensdauer Ihrer Anlage. Au\u00dferdem werden wir Sie f\u00fcr den j\u00e4hrlichen Wartungstermin Ihrer Anlage kontaktieren. Kundendienst:+352 [&hellip;]<\/p>\n","protected":false},"author":1,"featured_media":0,"parent":0,"menu_order":0,"comment_status":"closed","ping_status":"closed","template":"","meta":{"_et_pb_use_builder":"on","_et_pb_old_content":"","_et_gb_content_width":"","inline_featured_image":false,"footnotes":""},"class_list":["post-32144","page","type-page","status-publish","hentry"],"_links":{"self":[{"href":"https:\/\/nicoschmit.lu\/de\/wp-json\/wp\/v2\/pages\/32144","targetHints":{"allow":["GET"]}}],"collection":[{"href":"https:\/\/nicoschmit.lu\/de\/wp-json\/wp\/v2\/pages"}],"about":[{"href":"https:\/\/nicoschmit.lu\/de\/wp-json\/wp\/v2\/types\/page"}],"author":[{"embeddable":true,"href":"https:\/\/nicoschmit.lu\/de\/wp-json\/wp\/v2\/users\/1"}],"replies":[{"embeddable":true,"href":"https:\/\/nicoschmit.lu\/de\/wp-json\/wp\/v2\/comments?post=32144"}],"version-history":[{"count":11,"href":"https:\/\/nicoschmit.lu\/de\/wp-json\/wp\/v2\/pages\/32144\/revisions"}],"predecessor-version":[{"id":32379,"href":"https:\/\/nicoschmit.lu\/de\/wp-json\/wp\/v2\/pages\/32144\/revisions\/32379"}],"wp:attachment":[{"href":"https:\/\/nicoschmit.lu\/de\/wp-json\/wp\/v2\/media?parent=32144"}],"curies":[{"name":"wp","href":"https:\/\/api.w.org\/{rel}","templated":true}]}}