{"id":32197,"date":"2021-02-02T14:36:47","date_gmt":"2021-02-02T14:36:47","guid":{"rendered":"https:\/\/nicoschmit.lu\/kontaktformular\/"},"modified":"2023-11-29T09:22:18","modified_gmt":"2023-11-29T09:22:18","slug":"kontaktformular","status":"publish","type":"page","link":"https:\/\/nicoschmit.lu\/de\/kontaktformular\/","title":{"rendered":"Kontaktformular"},"content":{"rendered":"<p>[et_pb_section fb_built=&#8220;1&#8243; fullwidth=&#8220;on&#8220; _builder_version=&#8220;4.16&#8243; _module_preset=&#8220;default&#8220; global_colors_info=&#8220;{}&#8220;][et_pb_fullwidth_code _builder_version=&#8220;4.16&#8243; _module_preset=&#8220;default&#8220; global_colors_info=&#8220;{}&#8220;]\n            <div \n                class=\"elfsight-widget-slider elfsight-widget\" \n                data-elfsight-slider-options=\"%7B%22slides%22%3A%5B%7B%22media%22%3A%22https%3A%5C%2F%5C%2Fnicoschmit.lu%5C%2Fwp-content%5C%2Fuploads%5C%2F2021%5C%2F02%5C%2FUnknown-2345678-scaled-1.jpg%22%2C%22imageLink%22%3A%22%22%2C%22contentLayout%22%3A%22left%22%2C%22undefined%22%3Anull%2C%22contentTitleEnabled%22%3Afalse%2C%22contentTitleText%22%3A%22Sample%20Title%22%2C%22contentTitleColor%22%3A%22rgb%28255%2C%20255%2C%20255%29%22%2C%22contentTitleFontSize%22%3A24%2C%22contentTitleFontWeight%22%3A%22normal%22%2C%22contentTextEnabled%22%3Afalse%2C%22contentTextText%22%3A%22%22%2C%22contentTextColor%22%3A%22rgb%28255%2C%20255%2C%20255%29%22%2C%22contentTextFontSize%22%3A17%2C%22contentButtonEnabled%22%3Afalse%2C%22contentButtonText%22%3A%22Button%20Text%22%2C%22contentButtonLink%22%3A%22%22%2C%22contentButtonOpenLinkInNewTab%22%3Atrue%2C%22contentButtonColor%22%3A%22rgb%2828%2C%2035%2C%20255%29%22%2C%22contentButtonStyle%22%3A%22filled%22%2C%22contentButtonShape%22%3A4%2C%22contentButtonFontSize%22%3A16%2C%22contentMediaEnabled%22%3Afalse%2C%22contentMedia%22%3Anull%2C%22contentImageSize%22%3A100%2C%22contentBadgeEnabled%22%3Afalse%2C%22contentBadgeText%22%3A%22Sample%20Badge%22%2C%22contentBadgeColor%22%3A%22rgb%28255%2C%20255%2C%20255%29%22%2C%22contentBadgeFontSize%22%3A13%2C%22contentBadgeStyle%22%3A%22filled%22%2C%22contentOverlayEnabled%22%3Afalse%2C%22contentOverlayColor%22%3A%22rgba%280%2C%200%2C%200%2C%20.5%29%22%2C%22contentHorizontalPosition%22%3A50%2C%22contentVerticalPosition%22%3A50%2C%22imageEffect%22%3A%22zoom%22%7D%5D%2C%22width%22%3A%22100%25%22%2C%22height%22%3A350%2C%22paginationEnabled%22%3Atrue%2C%22paginationStyle%22%3A%22bullets%22%2C%22paginationAlign%22%3A%22center%22%2C%22paginationPosition%22%3A%22inside%22%2C%22paginationColor%22%3A%22rgb%28255%2C%20255%2C%20255%29%22%2C%22arrowsEnabled%22%3Atrue%2C%22arrowsPreviewNext%22%3Afalse%2C%22arrowsPosition%22%3A%22inside%22%2C%22arrowsColor%22%3A%22rgb%28255%2C%20255%2C%20255%29%22%2C%22autoSlideEnabled%22%3Afalse%2C%22autoSlideDelay%22%3A5%2C%22autoSlidePauseOnHover%22%3Atrue%2C%22autoSlideProgressbar%22%3Atrue%2C%22transitionEffect%22%3A%22slide%22%2C%22transitionDuration%22%3A0.6%2C%22swipeEnabled%22%3Atrue%2C%22mobileSwipeEnabled%22%3Atrue%2C%22infiniteLoop%22%3Atrue%2C%22widgetId%22%3A%226%22%7D\" \n                data-elfsight-slider-version=\"1.1.0\"\n                data-elfsight-widget-id=\"elfsight-slider-6\">\n            <\/div>\n            [\/et_pb_fullwidth_code][\/et_pb_section][et_pb_section fb_built=&#8220;1&#8243; _builder_version=&#8220;4.16&#8243; custom_padding=&#8220;80px||80px||false|false&#8220; global_colors_info=&#8220;{}&#8220;][et_pb_row _builder_version=&#8220;4.16&#8243; custom_margin=&#8220;auto|auto|auto|auto|false|false&#8220; custom_padding=&#8220;||80px||false|false&#8220; global_colors_info=&#8220;{}&#8220;][et_pb_column type=&#8220;4_4&#8243; _builder_version=&#8220;4.16&#8243; global_colors_info=&#8220;{}&#8220;][et_pb_contact_form use_spam_service=&#8220;on&#8220; recaptcha_list=&#8220;Default|Default-0&#8243; email=&#8220;info@nicoschmit.lu&#8220; title=&#8220;Kontaktformular&#8220; custom_message=&#8220;Kunde: %%nom%% %%pr\u00e9nom%% ||et_pb_line_break_holder||Firma: %%soci\u00e9t\u00e9%%||et_pb_line_break_holder||||et_pb_line_break_holder||Telefon: %%t\u00e9l\u00e9phone%% ||et_pb_line_break_holder||E-Mail: %%e-mail%%||et_pb_line_break_holder||||et_pb_line_break_holder||Message: %%message%%&#8220; success_message=&#8220;Vielen Dank! Ihre Nachricht wurde von uns empfangen und wird von unseren Mitarbeitern bearbeitet. Wir werden uns so bald wie m\u00f6glich mit Ihnen in Verbindung setzen.&#8220; submit_button_text=&#8220;Senden&#8220; _builder_version=&#8220;4.21.0&#8243; _unique_id=&#8220;1e4ab2cb-93bf-4c06-970f-c1e2c2b3400a&#8220; title_level=&#8220;h3&#8243; title_text_color=&#8220;#000000&#8243; title_font_size=&#8220;26px&#8220; title_line_height=&#8220;1.6em&#8220; form_field_font_size=&#8220;16px&#8220; form_field_line_height=&#8220;1.6em&#8220; custom_button=&#8220;on&#8220; button_text_size=&#8220;16px&#8220; button_text_color=&#8220;#FFFFFF&#8220; button_bg_color=&#8220;#000000&#8243; button_border_width=&#8220;0px&#8220; button_border_color=&#8220;RGBA(0,0,0,0)&#8220; button_use_icon=&#8220;off&#8220; hover_enabled=&#8220;0&#8243; global_colors_info=&#8220;{}&#8220; sticky_enabled=&#8220;0&#8243;][et_pb_contact_field field_id=&#8220;nom&#8220; field_title=&#8220;Name*&#8220; fullwidth_field=&#8220;on&#8220; _builder_version=&#8220;4.16&#8243; hover_enabled=&#8220;0&#8243; global_colors_info=&#8220;{}&#8220; sticky_enabled=&#8220;0&#8243;][\/et_pb_contact_field][et_pb_contact_field field_id=&#8220;pr\u00e9nom&#8220; field_title=&#8220;Vorname*&#8220; fullwidth_field=&#8220;on&#8220; _builder_version=&#8220;4.16&#8243; global_colors_info=&#8220;{}&#8220;][\/et_pb_contact_field][et_pb_contact_field field_id=&#8220;soci\u00e9t\u00e9&#8220; field_title=&#8220;Unternehmen*&#8220; fullwidth_field=&#8220;on&#8220; _builder_version=&#8220;4.16&#8243; global_colors_info=&#8220;{}&#8220;][\/et_pb_contact_field][et_pb_contact_field field_id=&#8220;e-mail&#8220; field_title=&#8220;E-mail*&#8220; fullwidth_field=&#8220;on&#8220; _builder_version=&#8220;4.16&#8243; global_colors_info=&#8220;{}&#8220;][\/et_pb_contact_field][et_pb_contact_field field_id=&#8220;t\u00e9l\u00e9phone&#8220; field_title=&#8220;Telefon*&#8220; required_mark=&#8220;off&#8220; fullwidth_field=&#8220;on&#8220; _builder_version=&#8220;4.16&#8243; global_colors_info=&#8220;{}&#8220;][\/et_pb_contact_field][et_pb_contact_field field_id=&#8220;message&#8220; field_title=&#8220;Nachricht*&#8220; field_type=&#8220;text&#8220; fullwidth_field=&#8220;on&#8220; _builder_version=&#8220;4.16&#8243; hover_enabled=&#8220;0&#8243; global_colors_info=&#8220;{}&#8220; button_text_size__hover_enabled=&#8220;off&#8220; button_one_text_size__hover_enabled=&#8220;off&#8220; button_two_text_size__hover_enabled=&#8220;off&#8220; button_text_color__hover_enabled=&#8220;off&#8220; button_one_text_color__hover_enabled=&#8220;off&#8220; button_two_text_color__hover_enabled=&#8220;off&#8220; button_border_width__hover_enabled=&#8220;off&#8220; button_one_border_width__hover_enabled=&#8220;off&#8220; button_two_border_width__hover_enabled=&#8220;off&#8220; button_border_color__hover_enabled=&#8220;off&#8220; button_one_border_color__hover_enabled=&#8220;off&#8220; button_two_border_color__hover_enabled=&#8220;off&#8220; button_border_radius__hover_enabled=&#8220;off&#8220; button_one_border_radius__hover_enabled=&#8220;off&#8220; button_two_border_radius__hover_enabled=&#8220;off&#8220; button_letter_spacing__hover_enabled=&#8220;off&#8220; button_one_letter_spacing__hover_enabled=&#8220;off&#8220; button_two_letter_spacing__hover_enabled=&#8220;off&#8220; button_bg_color__hover_enabled=&#8220;off&#8220; button_one_bg_color__hover_enabled=&#8220;off&#8220; button_two_bg_color__hover_enabled=&#8220;off&#8220; sticky_enabled=&#8220;0&#8243;][\/et_pb_contact_field][\/et_pb_contact_form][\/et_pb_column][\/et_pb_row][\/et_pb_section][et_pb_section fb_built=&#8220;1&#8243; admin_label=&#8220;Section&#8220; _builder_version=&#8220;4.16&#8243; background_color=&#8220;#2b2b2b&#8220; custom_margin=&#8220;||||false|false&#8220; custom_padding=&#8220;30px||30px||false|false&#8220; custom_padding_tablet=&#8220;0px||0px|&#8220; transparent_background=&#8220;off&#8220; make_fullwidth=&#8220;off&#8220; use_custom_width=&#8220;off&#8220; width_unit=&#8220;on&#8220; saved_tabs=&#8220;all&#8220; global_colors_info=&#8220;{}&#8220;][et_pb_row column_structure=&#8220;1_4,1_4,1_4,1_4&#8243; _builder_version=&#8220;4.16&#8243; global_colors_info=&#8220;{}&#8220;][et_pb_column type=&#8220;1_4&#8243; _builder_version=&#8220;4.16&#8243; global_colors_info=&#8220;{}&#8220;][et_pb_image src=&#8220;https:\/\/nicoschmit.lu\/wp-content\/uploads\/\/2021\/02\/Nico-Schmit_White-1.svg&#8220; title_text=&#8220;Nico-Schmit_White&#8220; _builder_version=&#8220;4.16&#8243; _module_preset=&#8220;default&#8220; width=&#8220;75%&#8220; global_colors_info=&#8220;{}&#8220;][\/et_pb_image][et_pb_text admin_label=&#8220;Text&#8220; _builder_version=&#8220;4.16&#8243; text_text_color=&#8220;#ffffff&#8220; background_size=&#8220;initial&#8220; background_position=&#8220;top_left&#8220; background_repeat=&#8220;repeat&#8220; max_width=&#8220;300px&#8220; custom_margin=&#8220;25px||0px||false|false&#8220; custom_margin_tablet=&#8220;||10px|&#8220; custom_margin_phone=&#8220;&#8220; custom_margin_last_edited=&#8220;on|desktop&#8220; custom_padding=&#8220;0px|||&#8220; use_border_color=&#8220;off&#8220; border_color=&#8220;#ffffff&#8220; border_style=&#8220;solid&#8220; global_colors_info=&#8220;{}&#8220;]<\/p>\n<p>T. +352 99 04 07-1<br \/>F. +352 99 07 15<br \/>nicoschmit.lu<\/p>\n<p>31, rue Principale<br \/>L-9835 Hoscheid-Dickt<br \/>Luxembourg<\/p>\n<p>[\/et_pb_text][\/et_pb_column][et_pb_column type=&#8220;1_4&#8243; _builder_version=&#8220;4.16&#8243; global_colors_info=&#8220;{}&#8220;][\/et_pb_column][et_pb_column type=&#8220;1_4&#8243; _builder_version=&#8220;4.16&#8243; global_colors_info=&#8220;{}&#8220;][\/et_pb_column][et_pb_column type=&#8220;1_4&#8243; _builder_version=&#8220;4.16&#8243; global_colors_info=&#8220;{}&#8220;][et_pb_image src=&#8220;https:\/\/nicoschmit.lu\/wp-content\/uploads\/2021\/03\/Unknown.png&#8220; title_text=&#8220;Unknown&#8220; _builder_version=&#8220;4.16&#8243; _module_preset=&#8220;default&#8220; background_color=&#8220;RGBA(0,0,0,0)&#8220; width=&#8220;85%&#8220; border_radii=&#8220;on|5px|5px|5px|5px&#8220; border_width_all=&#8220;10px&#8220; border_color_all=&#8220;#FFFFFF&#8220; global_colors_info=&#8220;{}&#8220;][\/et_pb_image][et_pb_text disabled_on=&#8220;off|off|off&#8220; _builder_version=&#8220;4.16&#8243; text_font=&#8220;||||||||&#8220; custom_margin=&#8220;0px||0px||false|false&#8220; custom_padding=&#8220;0px||0px||false|false&#8220; global_colors_info=&#8220;{}&#8220;]<\/p>\n<p><span style=\"color: #ffffff;\">PART OF<br \/><a href=\"https:\/\/wagnertech.lu\" target=\"_blank\" rel=\"noopener\"><img loading=\"lazy\" decoding=\"async\" class=\"wp-image-31558 alignnone \" src=\"https:\/\/nicoschmit.lu\/wp-content\/uploads\/2021\/02\/Wagnertech_White.svg\" alt=\"\" width=\"176\" height=\"20\"><\/a><br \/><\/span><\/p>\n<p>[\/et_pb_text][\/et_pb_column][\/et_pb_row][\/et_pb_section]<\/p>\n","protected":false},"excerpt":{"rendered":"<p>\n            <div \n                class=\"elfsight-widget-slider elfsight-widget\" \n                data-elfsight-slider-options=\"%7B%22slides%22%3A%5B%7B%22media%22%3A%22https%3A%5C%2F%5C%2Fnicoschmit.lu%5C%2Fwp-content%5C%2Fuploads%5C%2F2021%5C%2F02%5C%2FUnknown-2345678-scaled-1.jpg%22%2C%22imageLink%22%3A%22%22%2C%22contentLayout%22%3A%22left%22%2C%22undefined%22%3Anull%2C%22contentTitleEnabled%22%3Afalse%2C%22contentTitleText%22%3A%22Sample%20Title%22%2C%22contentTitleColor%22%3A%22rgb%28255%2C%20255%2C%20255%29%22%2C%22contentTitleFontSize%22%3A24%2C%22contentTitleFontWeight%22%3A%22normal%22%2C%22contentTextEnabled%22%3Afalse%2C%22contentTextText%22%3A%22%22%2C%22contentTextColor%22%3A%22rgb%28255%2C%20255%2C%20255%29%22%2C%22contentTextFontSize%22%3A17%2C%22contentButtonEnabled%22%3Afalse%2C%22contentButtonText%22%3A%22Button%20Text%22%2C%22contentButtonLink%22%3A%22%22%2C%22contentButtonOpenLinkInNewTab%22%3Atrue%2C%22contentButtonColor%22%3A%22rgb%2828%2C%2035%2C%20255%29%22%2C%22contentButtonStyle%22%3A%22filled%22%2C%22contentButtonShape%22%3A4%2C%22contentButtonFontSize%22%3A16%2C%22contentMediaEnabled%22%3Afalse%2C%22contentMedia%22%3Anull%2C%22contentImageSize%22%3A100%2C%22contentBadgeEnabled%22%3Afalse%2C%22contentBadgeText%22%3A%22Sample%20Badge%22%2C%22contentBadgeColor%22%3A%22rgb%28255%2C%20255%2C%20255%29%22%2C%22contentBadgeFontSize%22%3A13%2C%22contentBadgeStyle%22%3A%22filled%22%2C%22contentOverlayEnabled%22%3Afalse%2C%22contentOverlayColor%22%3A%22rgba%280%2C%200%2C%200%2C%20.5%29%22%2C%22contentHorizontalPosition%22%3A50%2C%22contentVerticalPosition%22%3A50%2C%22imageEffect%22%3A%22zoom%22%7D%5D%2C%22width%22%3A%22100%25%22%2C%22height%22%3A350%2C%22paginationEnabled%22%3Atrue%2C%22paginationStyle%22%3A%22bullets%22%2C%22paginationAlign%22%3A%22center%22%2C%22paginationPosition%22%3A%22inside%22%2C%22paginationColor%22%3A%22rgb%28255%2C%20255%2C%20255%29%22%2C%22arrowsEnabled%22%3Atrue%2C%22arrowsPreviewNext%22%3Afalse%2C%22arrowsPosition%22%3A%22inside%22%2C%22arrowsColor%22%3A%22rgb%28255%2C%20255%2C%20255%29%22%2C%22autoSlideEnabled%22%3Afalse%2C%22autoSlideDelay%22%3A5%2C%22autoSlidePauseOnHover%22%3Atrue%2C%22autoSlideProgressbar%22%3Atrue%2C%22transitionEffect%22%3A%22slide%22%2C%22transitionDuration%22%3A0.6%2C%22swipeEnabled%22%3Atrue%2C%22mobileSwipeEnabled%22%3Atrue%2C%22infiniteLoop%22%3Atrue%2C%22widgetId%22%3A%226%22%7D\" \n                data-elfsight-slider-version=\"1.1.0\"\n                data-elfsight-widget-id=\"elfsight-slider-6\">\n            <\/div>\n            T. +352 99 04 07-1F. +352 99 07 15nicoschmit.lu 31, rue PrincipaleL-9835 Hoscheid-DicktLuxembourgPART OF<\/p>\n","protected":false},"author":1,"featured_media":0,"parent":0,"menu_order":0,"comment_status":"closed","ping_status":"closed","template":"","meta":{"_et_pb_use_builder":"on","_et_pb_old_content":"","_et_gb_content_width":"","inline_featured_image":false,"footnotes":""},"class_list":["post-32197","page","type-page","status-publish","hentry"],"_links":{"self":[{"href":"https:\/\/nicoschmit.lu\/de\/wp-json\/wp\/v2\/pages\/32197","targetHints":{"allow":["GET"]}}],"collection":[{"href":"https:\/\/nicoschmit.lu\/de\/wp-json\/wp\/v2\/pages"}],"about":[{"href":"https:\/\/nicoschmit.lu\/de\/wp-json\/wp\/v2\/types\/page"}],"author":[{"embeddable":true,"href":"https:\/\/nicoschmit.lu\/de\/wp-json\/wp\/v2\/users\/1"}],"replies":[{"embeddable":true,"href":"https:\/\/nicoschmit.lu\/de\/wp-json\/wp\/v2\/comments?post=32197"}],"version-history":[{"count":4,"href":"https:\/\/nicoschmit.lu\/de\/wp-json\/wp\/v2\/pages\/32197\/revisions"}],"predecessor-version":[{"id":32310,"href":"https:\/\/nicoschmit.lu\/de\/wp-json\/wp\/v2\/pages\/32197\/revisions\/32310"}],"wp:attachment":[{"href":"https:\/\/nicoschmit.lu\/de\/wp-json\/wp\/v2\/media?parent=32197"}],"curies":[{"name":"wp","href":"https:\/\/api.w.org\/{rel}","templated":true}]}}